{"id":2428,"date":"2026-02-19T14:08:29","date_gmt":"2026-02-19T14:08:29","guid":{"rendered":"https:\/\/palcameroon.org\/?page_id=2428"},"modified":"2026-02-21T14:00:43","modified_gmt":"2026-02-21T14:00:43","slug":"home","status":"publish","type":"page","link":"https:\/\/palcameroon.org\/fr\/","title":{"rendered":"Home"},"content":{"rendered":"<div data-elementor-type=\"wp-page\" data-elementor-id=\"2428\" class=\"elementor elementor-2428\" data-elementor-post-type=\"page\">\n\t\t\t\t<div data-particle_enable=\"false\" data-particle-mobile-disabled=\"false\" class=\"elementor-element elementor-element-8de8202 e-con-full e-flex e-con e-parent\" data-id=\"8de8202\" data-element_type=\"container\" data-e-type=\"container\">\n\t\t\t\t<div class=\"elementor-element elementor-element-d2198cf elementor-widget elementor-widget-html\" data-id=\"d2198cf\" data-element_type=\"widget\" data-e-type=\"widget\" data-widget_type=\"html.default\">\n\t\t\t\t<div class=\"elementor-widget-container\">\n\t\t\t\t\t<!-- PASTE THIS INTO YOUR WORDPRESS HOME PAGE (CODE EDITOR MODE) -->\r\n\r\n<style>\r\n    :root {\r\n        --primary: #0054A6;\r\n        --primary-dark: #003d7a;\r\n        --accent: #ED1C24;\r\n        --dark: #1e293b;\r\n        --muted: #64748b;\r\n        --bg: #f8fafc;\r\n        --white: #ffffff;\r\n        --shadow: 0 10px 15px -3px rgba(0, 0, 0, 0.1);\r\n    }\r\n\r\n    * { margin: 0; padding: 0; box-sizing: border-box; }\r\n    \r\n    body { \r\n        font-family: 'Inter', sans-serif; \r\n        background: var(--bg); \r\n        color: var(--dark); \r\n        line-height: 1.6; \r\n        -webkit-font-smoothing: antialiased;\r\n    }\r\n\r\n    \/* ================= HERO SECTION ================= *\/\r\n    .hero {\r\n        background: linear-gradient(135deg, rgba(0,84,166,0.92), rgba(0,61,122,0.88)),\r\n                    url(\"https:\/\/images.unsplash.com\/photo-1576091160550-2173dba999ef?auto=format&fit=crop&w=1600&q=80\");\r\n        background-size: cover; \r\n        background-position: center;\r\n        padding: 9rem 4% 11rem; \r\n        text-align: center; \r\n        color: white;\r\n    }\r\n    \r\n   \r\n    .hero-content { max-width: 850px; margin: auto; }\r\n    .hero h1 { font-size: 3.2rem; font-weight: 800; margin-bottom: 1.2rem; line-height: 1.1; color: white; }\r\n    .hero p { font-size: 1.2rem; opacity: 0.9; max-width: 650px; margin: auto; }\r\n\r\n    \/* ================= PORTAL SECTION ================= *\/\r\n    .portal-section { \r\n        max-width: 1200px; \r\n        margin: -5rem auto 5rem; \r\n        padding: 0 4%; \r\n        position: relative; \r\n        z-index: 10; \r\n    }\r\n    \r\n    .browse-container { display: grid; grid-template-columns: 1.2fr 0.8fr; gap: 2.5rem; }\r\n\r\n    .browse-column { \r\n        background: var(--white); \r\n        border-radius: 20px; \r\n        padding: 2.5rem; \r\n        box-shadow: var(--shadow); \r\n    }\r\n\r\n    .column-header { margin-bottom: 2rem; }\r\n    .column-header h2 { font-size: 1.6rem; color: var(--primary); margin-bottom: 0.3rem; }\r\n    .column-header p { color: var(--muted); font-size: 0.95rem; }\r\n\r\n    .material-grid { display: flex; flex-direction: column; gap: 1rem; }\r\n\r\n    \/* RED HOVER CARDS *\/\r\n    .material-card {\r\n        background: var(--bg); \r\n        border-radius: 12px; \r\n        padding: 1.2rem 1.5rem;\r\n        display: flex; \r\n        align-items: center; \r\n        text-decoration: none !important;\r\n        transition: all 0.3s cubic-bezier(0.25, 0.8, 0.25, 1);\r\n        border: 1px solid transparent;\r\n    }\r\n\r\n    .material-card:hover {\r\n        background: var(--accent);\r\n        transform: scale(1.02);\r\n        box-shadow: 0 10px 20px rgba(237, 28, 36, 0.2);\r\n        text-decoration: none !important;\r\n    }\r\n\r\n    .material-card h3 { \r\n        font-size: 1.05rem; \r\n        font-weight: 600; \r\n        color: var(--dark); \r\n        flex: 1; \r\n        transition: 0.3s;\r\n        text-decoration: none !important;\r\n    }\r\n\r\n    \/* Force remove underlines on all link states *\/\r\n    .material-card,\r\n    .material-card:link,\r\n    .material-card:visited,\r\n    .material-card:hover,\r\n    .material-card:active {\r\n        text-decoration: none !important;\r\n    }\r\n\r\n    .material-card h3,\r\n    .material-card:hover h3 {\r\n        text-decoration: none !important;\r\n    }\r\n\r\n    .card-arrow { color: var(--muted); font-size: 1.2rem; transition: 0.3s; }\r\n\r\n    \/* Hover State Logic *\/\r\n    .material-card:hover h3, \r\n    .material-card:hover .card-arrow { color: var(--white); }\r\n    }\r\n<\/style>\r\n\r\n<section class=\"hero\">\r\n    <div class=\"hero-content\">\r\n        <h1>Bienvenue \u00e0 BREATHE Cameroun<\/h1>\r\n        <p>Votre biblioth\u00e8que compl\u00e8te d'algorithmes cliniques fond\u00e9s sur des donn\u00e9es probantes, d'outils d'aide \u00e0 la pratique et de ressources sp\u00e9cialis\u00e9es en sant\u00e9 respiratoire<\/p>\r\n    <\/div>\r\n<\/section>\r\n\r\n<section class=\"portal-section\">\r\n    <div class=\"browse-container\">\r\n        <div class=\"browse-column\">\r\n            <div class=\"column-header\">\r\n                <h2>Parcourir par mat\u00e9riaux<\/h2>\r\n                <p>Acc\u00e9dez aux outils cliniques class\u00e9s par format.<\/p>\r\n            <\/div>\r\n            <div class=\"material-grid\">\r\n                <a href=\"\/fr\/materials\/?type=algorithms\" class=\"material-card\">\r\n                    <h3>Algorithmes<\/h3>\r\n                    <span class=\"card-arrow\">\u2192<\/span>\r\n                <\/a>\r\n                <a href=\"\/fr\/materials\/?type=jobaids\" class=\"material-card\">\r\n                    <h3>Aides \u00e0 la t\u00e2che<\/h3>\r\n                    <span class=\"card-arrow\">\u2192<\/span>\r\n                <\/a>\r\n                <a href=\"\/fr\/materials\/?type=posters\" class=\"material-card\">\r\n                    <h3>Affiches<\/h3>\r\n                    <span class=\"card-arrow\">\u2192<\/span>\r\n                <\/a>\r\n                <a href=\"\/fr\/materials\/?type=benchaids\" class=\"material-card\">\r\n                    <h3>Aides de laboratoire<\/h3>\r\n                    <span class=\"card-arrow\">\u2192<\/span>\r\n                <\/a>\r\n                <a href=\"\/fr\/videos\/\" class=\"material-card\">\r\n                    <h3>Aides vid\u00e9o<\/h3>\r\n                    <span class=\"card-arrow\">\u2192<\/span>\r\n                <\/a>\r\n            <\/div>\r\n        <\/div>\r\n\r\n        <div class=\"browse-column\">\r\n            <div class=\"column-header\">\r\n                <h2>Parcourir par activit\u00e9<\/h2>\r\n                <p>Ressources adapt\u00e9es \u00e0 votre environnement de travail<\/p>\r\n            <\/div>\r\n            <div class=\"material-grid\">\r\n                <a href=\"\/fr\/materials\/?activity=hc\" class=\"material-card\">\r\n                    <h3>camps de sant\u00e9<\/h3>\r\n                    <span class=\"card-arrow\">\u2192<\/span>\r\n                <\/a>\r\n                <a href=\"\/fr\/materials\/?activity=hf\" class=\"material-card\">\r\n                    <h3>Health Facilities<\/h3>\r\n                    <span class=\"card-arrow\">\u2192<\/span>\r\n                <\/a>\r\n            <\/div>\r\n        <\/div>\r\n    <\/div>\r\n<\/section>\r\n\r\n\t\t\t\t<\/div>\n\t\t\t\t<\/div>\n\t\t\t\t<\/div>\n\t\t\t\t<\/div>","protected":false},"excerpt":{"rendered":"<p>Welcome to BREATHE Cameroon Your comprehensive library for evidence-based clinical algorithms, job aids, and specialized respiratory health resources. Browse by [&hellip;]<\/p>","protected":false},"author":1,"featured_media":0,"parent":0,"menu_order":0,"comment_status":"closed","ping_status":"closed","template":"","meta":{"site-sidebar-layout":"no-sidebar","site-content-layout":"","ast-site-content-layout":"full-width-container","site-content-style":"default","site-sidebar-style":"default","ast-global-header-display":"","ast-banner-title-visibility":"","ast-main-header-display":"","ast-hfb-above-header-display":"","ast-hfb-below-header-display":"","ast-hfb-mobile-header-display":"","site-post-title":"disabled","ast-breadcrumbs-content":"","ast-featured-img":"disabled","footer-sml-layout":"","theme-transparent-header-meta":"","adv-header-id-meta":"","stick-header-meta":"","header-above-stick-meta":"","header-main-stick-meta":"","header-below-stick-meta":"","astra-migrate-meta-layouts":"default","ast-page-background-enabled":"default","ast-page-background-meta":{"desktop":{"background-color":"var(--ast-global-color-5)","background-image":"","background-repeat":"repeat","background-position":"center center","background-size":"auto","background-attachment":"scroll","background-type":"","background-media":"","overlay-type":"","overlay-color":"","overlay-opacity":"","overlay-gradient":""},"tablet":{"background-color":"","background-image":"","background-repeat":"repeat","background-position":"center center","background-size":"auto","background-attachment":"scroll","background-type":"","background-media":"","overlay-type":"","overlay-color":"","overlay-opacity":"","overlay-gradient":""},"mobile":{"background-color":"","background-image":"","background-repeat":"repeat","background-position":"center center","background-size":"auto","background-attachment":"scroll","background-type":"","background-media":"","overlay-type":"","overlay-color":"","overlay-opacity":"","overlay-gradient":""}},"ast-content-background-meta":{"desktop":{"background-color":"var(--ast-global-color-4)","background-image":"","background-repeat":"repeat","background-position":"center center","background-size":"auto","background-attachment":"scroll","background-type":"","background-media":"","overlay-type":"","overlay-color":"","overlay-opacity":"","overlay-gradient":""},"tablet":{"background-color":"var(--ast-global-color-4)","background-image":"","background-repeat":"repeat","background-position":"center center","background-size":"auto","background-attachment":"scroll","background-type":"","background-media":"","overlay-type":"","overlay-color":"","overlay-opacity":"","overlay-gradient":""},"mobile":{"background-color":"var(--ast-global-color-4)","background-image":"","background-repeat":"repeat","background-position":"center center","background-size":"auto","background-attachment":"scroll","background-type":"","background-media":"","overlay-type":"","overlay-color":"","overlay-opacity":"","overlay-gradient":""}},"footnotes":""},"class_list":["post-2428","page","type-page","status-publish","hentry"],"_links":{"self":[{"href":"https:\/\/palcameroon.org\/fr\/wp-json\/wp\/v2\/pages\/2428","targetHints":{"allow":["GET"]}}],"collection":[{"href":"https:\/\/palcameroon.org\/fr\/wp-json\/wp\/v2\/pages"}],"about":[{"href":"https:\/\/palcameroon.org\/fr\/wp-json\/wp\/v2\/types\/page"}],"author":[{"embeddable":true,"href":"https:\/\/palcameroon.org\/fr\/wp-json\/wp\/v2\/users\/1"}],"replies":[{"embeddable":true,"href":"https:\/\/palcameroon.org\/fr\/wp-json\/wp\/v2\/comments?post=2428"}],"version-history":[{"count":28,"href":"https:\/\/palcameroon.org\/fr\/wp-json\/wp\/v2\/pages\/2428\/revisions"}],"predecessor-version":[{"id":2548,"href":"https:\/\/palcameroon.org\/fr\/wp-json\/wp\/v2\/pages\/2428\/revisions\/2548"}],"wp:attachment":[{"href":"https:\/\/palcameroon.org\/fr\/wp-json\/wp\/v2\/media?parent=2428"}],"curies":[{"name":"wp","href":"https:\/\/api.w.org\/{rel}","templated":true}]}}